{"id":38,"date":"2019-04-25T19:45:22","date_gmt":"2019-04-25T18:45:22","guid":{"rendered":"http:\/\/tsv-neuendorf.sg-kn.de\/?page_id=38"},"modified":"2025-05-03T18:36:28","modified_gmt":"2025-05-03T17:36:28","slug":"kurse","status":"publish","type":"page","link":"https:\/\/tsv-neuendorf.de\/?page_id=38","title":{"rendered":"Kurse"},"content":{"rendered":"\n<table style=\"height: 621px; width: 100%; border-style: none;\">\n<tbody>\n<tr style=\"height: 30px;\">\n<th style=\"border-style: none; height: 30px; width: 64.6552%;\" colspan=\"2\">\n<h2 style=\"text-align: left;\">Sporthalle<\/h2>\n<\/th>\n<\/tr>\n<tr style=\"height: 22px;\">\n<td style=\"border-style: none; width: 64.6552%; vertical-align: top; height: 22px;\" colspan=\"2\"><strong>Montag<\/strong><\/td>\n<\/tr>\n<tr style=\"height: 22px;\">\n<td style=\"border-style: none; width: 15.7328%; height: 22px; vertical-align: top;\">15:30 &#8211; 16:45<\/td>\n<td style=\"border-style: none; width: 48.9224%; height: 22px;\">Kinderturnen (7 -10 Jahre)<\/td>\n<\/tr>\n<tr style=\"height: 22px;\">\n<td style=\"border-style: none; width: 15.7328%; height: 21px; vertical-align: top;\">17:00 &#8211; 18:00<\/td>\n<td style=\"border-style: none; width: 48.9224%; height: 21px;\">R\u00fcckengymnastik Gruppe 1<\/td>\n<\/tr>\n<tr style=\"height: 10px;\">\n<td style=\"border-style: none; width: 15.7328%; height: 10px; vertical-align: top;\">18:00 &#8211; 19:00<\/td>\n<td style=\"border-style: none; width: 48.9224%; height: 10px;\">R\u00fcckengymnastik Gruppe 2<\/td>\n<\/tr>\n<tr style=\"height: 35px;\">\n<td style=\"border-style: none; width: 15.7328%; height: 35px; vertical-align: top;\">19:00 &#8211; 20:00<\/td>\n<td style=\"border-style: none; width: 48.9224%; vertical-align: top; height: 35px;\">Fitness f\u00fcr Frauen<\/td>\n<\/tr>\n<tr style=\"height: 22px;\">\n<td style=\"border-style: none; width: 64.6552%; vertical-align: top; height: 22px;\" colspan=\"2\"><strong>Dienstag<\/strong><\/td>\n<\/tr>\n<tr style=\"height: 25px;\">\n<td style=\"border-style: none; width: 15.7328%; vertical-align: top; height: 25px;\">09:30 &#8211; 10:30<\/td>\n<td style=\"border-style: none; width: 48.9224%; vertical-align: top; height: 25px;\">Seniorenturnen<\/td>\n<\/tr>\n<tr style=\"height: 25px;\">\n<td style=\"border-style: none; width: 15.7328%; vertical-align: top; height: 25px;\">11:00 &#8211; 12:00<\/td>\n<td style=\"border-style: none; width: 48.9224%; vertical-align: top; height: 25px;\">QiGong (unregelm\u00e4\u00dfig in 10 Wochen Bl\u00f6cken)<\/td>\n<\/tr>\n<tr style=\"height: 22px;\">\n<td style=\"border-style: none; width: 15.7328%; height: 35px; vertical-align: top;\">19:30 &#8211; 21:00<\/td>\n<td style=\"border-style: none; width: 48.9224%; vertical-align: top; height: 35px;\">Fu\u00dfball \u2013 Frauen<\/td>\n<\/tr>\n<tr style=\"height: 22px;\">\n<td style=\"border-style: none; width: 64.6552%; height: 22px;\" colspan=\"2\"><strong>Mittwoch<\/strong><\/td>\n<\/tr>\n<tr style=\"height: 22px;\">\n<td style=\"border-style: none; width: 15.7328%; height: 22px;\">16:30 &#8211; 18:00<\/td>\n<td style=\"border-style: none; width: 48.9224%; height: 22px;\">Tischtennis<\/td>\n<\/tr>\n<tr style=\"height: 23px;\">\n<td style=\"border-style: none; width: 15.7328%; vertical-align: top; height: 23px;\">18:00 &#8211; 19:00<\/td>\n<td style=\"border-style: none; width: 48.9224%; vertical-align: top; height: 23px;\">Latin Dance<\/td>\n<\/tr>\n<tr style=\"height: 35px;\">\n<td style=\"border-style: none; width: 15.7328%; height: 35px; vertical-align: top;\">19:30 &#8211; 21:00<\/td>\n<td style=\"border-style: none; width: 48.9224%; vertical-align: top; height: 35px;\">Trimm Dich<\/td>\n<\/tr>\n<tr style=\"height: 22px;\">\n<td style=\"border-style: none; width: 64.6552%; vertical-align: top; height: 22px;\" colspan=\"2\"><strong>Donnerstag<\/strong><\/td>\n<\/tr>\n<tr style=\"height: 25px;\">\n<td style=\"border-style: none; width: 15.7328%; vertical-align: top; height: 25px;\">15:30 &#8211; 16:30<\/td>\n<td style=\"border-style: none; width: 48.9224%; vertical-align: top; height: 25px;\">Eltern und Kind Turnen<\/td>\n<\/tr>\n<tr style=\"height: 25px;\">\n<td style=\"border-style: none; width: 15.7328%; vertical-align: top; height: 25px;\">17:00 &#8211; 18:00<\/td>\n<td style=\"border-style: none; width: 48.9224%; vertical-align: top; height: 25px;\">Kinderturnen (4 &#8211; 6 Jahre)<\/td>\n<\/tr>\n<tr style=\"height: 22px;\">\n<td style=\"border-style: none; width: 15.7328%; height: 35px; vertical-align: top;\">19:00 &#8211; 20:00<\/td>\n<td style=\"border-style: none; width: 48.9224%; height: 35px; vertical-align: top;\">Badminton<\/td>\n<\/tr>\n<tr style=\"height: 22px;\">\n<td style=\"border-style: none; width: 64.6552%; vertical-align: top; height: 22px;\" colspan=\"2\"><strong>Freitag<\/strong><\/td>\n<\/tr>\n<tr style=\"height: 5px;\">\n<td style=\"border-style: none; width: 15.7328%; height: 5px; vertical-align: top;\">&nbsp;<\/td>\n<td style=\"border-style: none; width: 48.9224%; height: 5px;\">&nbsp;<\/td>\n<\/tr>\n<tr style=\"height: 22px;\">\n<th style=\"border-style: none; width: 64.6552%; vertical-align: top; height: 22px;\" colspan=\"2\">\n<h2 style=\"text-align: left;\">Gemeinderaum<\/h2>\n<\/th>\n<\/tr>\n<tr style=\"height: 22px;\">\n<td style=\"border-style: none; width: 64.6552%; height: 22px;\" colspan=\"2\"><strong>Mittwoch<\/strong><\/td>\n<\/tr>\n<tr style=\"height: 22px;\">\n<td style=\"border-style: none; width: 15.7328%; height: 22px; vertical-align: top;\">19:00 &#8211; 20:30<\/td>\n<td style=\"border-style: none; width: 48.9224%; height: 22px;\">Yoga<\/td>\n<\/tr>\n<tr style=\"height: 22px;\">\n<td style=\"border-style: none; width: 15.7328%; height: 22px;\">&nbsp;<\/td>\n<td style=\"border-style: none; width: 48.9224%; height: 22px;\">&nbsp;<\/td>\n<\/tr>\n<\/tbody>\n<\/table>\n","protected":false},"excerpt":{"rendered":"<p>Sporthalle Montag 15:30 &#8211; 16:45 Kinderturnen (7 -10 Jahre) 17:00 &#8211; 18:00 R\u00fcckengymnastik Gruppe 1 18:00 &#8211; 19:00 R\u00fcckengymnastik Gruppe 2 19:00 &#8211; 20:00 Fitness f\u00fcr Frauen Dienstag 09:30 &#8211;&#8230;<\/p>\n","protected":false},"author":1,"featured_media":0,"parent":0,"menu_order":0,"comment_status":"closed","ping_status":"closed","template":"","meta":{"ngg_post_thumbnail":0,"footnotes":""},"class_list":["post-38","page","type-page","status-publish","hentry"],"_links":{"self":[{"href":"https:\/\/tsv-neuendorf.de\/index.php?rest_route=\/wp\/v2\/pages\/38","targetHints":{"allow":["GET"]}}],"collection":[{"href":"https:\/\/tsv-neuendorf.de\/index.php?rest_route=\/wp\/v2\/pages"}],"about":[{"href":"https:\/\/tsv-neuendorf.de\/index.php?rest_route=\/wp\/v2\/types\/page"}],"author":[{"embeddable":true,"href":"https:\/\/tsv-neuendorf.de\/index.php?rest_route=\/wp\/v2\/users\/1"}],"replies":[{"embeddable":true,"href":"https:\/\/tsv-neuendorf.de\/index.php?rest_route=%2Fwp%2Fv2%2Fcomments&post=38"}],"version-history":[{"count":39,"href":"https:\/\/tsv-neuendorf.de\/index.php?rest_route=\/wp\/v2\/pages\/38\/revisions"}],"predecessor-version":[{"id":1134,"href":"https:\/\/tsv-neuendorf.de\/index.php?rest_route=\/wp\/v2\/pages\/38\/revisions\/1134"}],"wp:attachment":[{"href":"https:\/\/tsv-neuendorf.de\/index.php?rest_route=%2Fwp%2Fv2%2Fmedia&parent=38"}],"curies":[{"name":"wp","href":"https:\/\/api.w.org\/{rel}","templated":true}]}}